{"id":15080,"date":"2024-02-01T22:18:27","date_gmt":"2024-02-01T21:18:27","guid":{"rendered":"https:\/\/www.lesarmures.ch\/cookies\/"},"modified":"2024-02-01T22:18:27","modified_gmt":"2024-02-01T21:18:27","slug":"cookies","status":"publish","type":"page","link":"https:\/\/www.lesarmures.ch\/ru\/cookies\/","title":{"rendered":"Cookies"},"content":{"rendered":"<div class=\"s-content\">\n   <div class=\"container\">\n      <div class=\"s-tilsbtns__wp\">\n         <div class=\"row\">\n            <div class=\"col-md-12\">\n               <div class=\"content-text\">\n                  <h1 style=\"text-align: center;\">Cookies<\/h1>\n<p>Nous utilisons diff\u00e9rents cookies sur le site pour mesurer l\u2019audience et int\u00e9grer des services permettant d\u2019am\u00e9liorer l\u2019interactivit\u00e9 du site.<\/p>\n<p>Qu\u2019est-ce qu\u2019un \u00ab cookie \u00bb ?<\/p>\n<p>Un \u00ab cookie \u00bb est une suite d\u2019informations, g\u00e9n\u00e9ralement de petite taille et identifi\u00e9 par un nom, qui peut \u00eatre transmis \u00e0 votre navigateur par un site web sur lequel vous vous connectez. Votre navigateur web le conservera pendant une certaine dur\u00e9e, et le renverra au serveur web chaque fois que vous vous y re-connecterez. Les cookies ont de multiples usages : ils peuvent servir \u00e0 m\u00e9moriser votre identifiant client aupr\u00e8s d\u2019un site marchand, le contenu courant de votre panier d\u2019achat, un identifiant permettant de tracer votre navigation pour des finalit\u00e9s statistiques ou publicitaires, etc.<\/p>\n<p>Vous trouverez les informations sur les cookies et comment limiter leur usage sur le site <a href=\"https:\/\/cnil.fr\/fr\" target=\"_blank\" rel=\"noopener\">CNIL.FR<\/a><\/p>\n<p>Pour refuser l\u2019usage des cookies, cliquez le bouton \u00ab Refuser \u00bb dans le bandeau qui s\u2019affiche en bas de page.<\/p>\n               <\/div>\n            <\/div>\n         <\/div>\n      <\/div>\n   <\/div>\n<\/div>\n","protected":false},"excerpt":{"rendered":"","protected":false},"author":1,"featured_media":0,"parent":0,"menu_order":0,"comment_status":"closed","ping_status":"closed","template":"page-header.php","meta":{"inline_featured_image":false,"footnotes":""},"class_list":["post-15080","page","type-page","status-publish","hentry"],"yoast_head":"<!-- This site is optimized with the Yoast SEO plugin v27.3 - https:\/\/yoast.com\/product\/yoast-seo-wordpress\/ -->\n<title>Cookies - Hotel Les Armures Gen\u00e8ve<\/title>\n<meta name=\"robots\" content=\"index, follow, max-snippet:-1, max-image-preview:large, max-video-preview:-1\" \/>\n<link rel=\"canonical\" href=\"https:\/\/www.lesarmures.ch\/ru\/cookies\/\" \/>\n<meta property=\"og:locale\" content=\"ru_RU\" \/>\n<meta property=\"og:type\" content=\"article\" \/>\n<meta property=\"og:title\" content=\"Cookies - Hotel Les Armures Gen\u00e8ve\" \/>\n<meta property=\"og:url\" content=\"https:\/\/www.lesarmures.ch\/ru\/cookies\/\" \/>\n<meta property=\"og:site_name\" content=\"Hotel Les Armures Gen\u00e8ve\" \/>\n<meta name=\"twitter:card\" content=\"summary_large_image\" \/>\n<script type=\"application\/ld+json\" class=\"yoast-schema-graph\">{\"@context\":\"https:\\\/\\\/schema.org\",\"@graph\":[{\"@type\":\"WebPage\",\"@id\":\"https:\\\/\\\/www.lesarmures.ch\\\/ru\\\/cookies\\\/\",\"url\":\"https:\\\/\\\/www.lesarmures.ch\\\/ru\\\/cookies\\\/\",\"name\":\"Cookies - Hotel Les Armures Gen\u00e8ve\",\"isPartOf\":{\"@id\":\"https:\\\/\\\/www.lesarmures.ch\\\/ru\\\/#website\"},\"datePublished\":\"2024-02-01T21:18:27+00:00\",\"breadcrumb\":{\"@id\":\"https:\\\/\\\/www.lesarmures.ch\\\/ru\\\/cookies\\\/#breadcrumb\"},\"inLanguage\":\"ru-RU\",\"potentialAction\":[{\"@type\":\"ReadAction\",\"target\":[\"https:\\\/\\\/www.lesarmures.ch\\\/ru\\\/cookies\\\/\"]}]},{\"@type\":\"BreadcrumbList\",\"@id\":\"https:\\\/\\\/www.lesarmures.ch\\\/ru\\\/cookies\\\/#breadcrumb\",\"itemListElement\":[{\"@type\":\"ListItem\",\"position\":1,\"name\":\"Accueil\",\"item\":\"https:\\\/\\\/www.lesarmures.ch\\\/ru\\\/\"},{\"@type\":\"ListItem\",\"position\":2,\"name\":\"Cookies\"}]},{\"@type\":\"WebSite\",\"@id\":\"https:\\\/\\\/www.lesarmures.ch\\\/ru\\\/#website\",\"url\":\"https:\\\/\\\/www.lesarmures.ch\\\/ru\\\/\",\"name\":\"Les Armures : H\u00f4tel 5 \u00e9toiles et restaurant \u00e0 Gen\u00e8ve\",\"description\":\"\",\"publisher\":{\"@id\":\"https:\\\/\\\/www.lesarmures.ch\\\/ru\\\/#organization\"},\"potentialAction\":[{\"@type\":\"SearchAction\",\"target\":{\"@type\":\"EntryPoint\",\"urlTemplate\":\"https:\\\/\\\/www.lesarmures.ch\\\/ru\\\/?s={search_term_string}\"},\"query-input\":{\"@type\":\"PropertyValueSpecification\",\"valueRequired\":true,\"valueName\":\"search_term_string\"}}],\"inLanguage\":\"ru-RU\"},{\"@type\":\"Organization\",\"@id\":\"https:\\\/\\\/www.lesarmures.ch\\\/ru\\\/#organization\",\"name\":\"Les Armures : H\u00f4tel 5 \u00e9toiles et restaurant \u00e0 Gen\u00e8ve\",\"url\":\"https:\\\/\\\/www.lesarmures.ch\\\/ru\\\/\",\"logo\":{\"@type\":\"ImageObject\",\"inLanguage\":\"ru-RU\",\"@id\":\"https:\\\/\\\/www.lesarmures.ch\\\/ru\\\/#\\\/schema\\\/logo\\\/image\\\/\",\"url\":\"https:\\\/\\\/www.lesarmures.ch\\\/wp-content\\\/uploads\\\/2024\\\/01\\\/logo_alt_retina.png\",\"contentUrl\":\"https:\\\/\\\/www.lesarmures.ch\\\/wp-content\\\/uploads\\\/2024\\\/01\\\/logo_alt_retina.png\",\"width\":726,\"height\":169,\"caption\":\"Les Armures : H\u00f4tel 5 \u00e9toiles et restaurant \u00e0 Gen\u00e8ve\"},\"image\":{\"@id\":\"https:\\\/\\\/www.lesarmures.ch\\\/ru\\\/#\\\/schema\\\/logo\\\/image\\\/\"}}]}<\/script>\n<!-- \/ Yoast SEO plugin. -->","yoast_head_json":{"title":"Cookies - Hotel Les Armures Gen\u00e8ve","robots":{"index":"index","follow":"follow","max-snippet":"max-snippet:-1","max-image-preview":"max-image-preview:large","max-video-preview":"max-video-preview:-1"},"canonical":"https:\/\/www.lesarmures.ch\/ru\/cookies\/","og_locale":"ru_RU","og_type":"article","og_title":"Cookies - Hotel Les Armures Gen\u00e8ve","og_url":"https:\/\/www.lesarmures.ch\/ru\/cookies\/","og_site_name":"Hotel Les Armures Gen\u00e8ve","twitter_card":"summary_large_image","schema":{"@context":"https:\/\/schema.org","@graph":[{"@type":"WebPage","@id":"https:\/\/www.lesarmures.ch\/ru\/cookies\/","url":"https:\/\/www.lesarmures.ch\/ru\/cookies\/","name":"Cookies - Hotel Les Armures Gen\u00e8ve","isPartOf":{"@id":"https:\/\/www.lesarmures.ch\/ru\/#website"},"datePublished":"2024-02-01T21:18:27+00:00","breadcrumb":{"@id":"https:\/\/www.lesarmures.ch\/ru\/cookies\/#breadcrumb"},"inLanguage":"ru-RU","potentialAction":[{"@type":"ReadAction","target":["https:\/\/www.lesarmures.ch\/ru\/cookies\/"]}]},{"@type":"BreadcrumbList","@id":"https:\/\/www.lesarmures.ch\/ru\/cookies\/#breadcrumb","itemListElement":[{"@type":"ListItem","position":1,"name":"Accueil","item":"https:\/\/www.lesarmures.ch\/ru\/"},{"@type":"ListItem","position":2,"name":"Cookies"}]},{"@type":"WebSite","@id":"https:\/\/www.lesarmures.ch\/ru\/#website","url":"https:\/\/www.lesarmures.ch\/ru\/","name":"Les Armures : H\u00f4tel 5 \u00e9toiles et restaurant \u00e0 Gen\u00e8ve","description":"","publisher":{"@id":"https:\/\/www.lesarmures.ch\/ru\/#organization"},"potentialAction":[{"@type":"SearchAction","target":{"@type":"EntryPoint","urlTemplate":"https:\/\/www.lesarmures.ch\/ru\/?s={search_term_string}"},"query-input":{"@type":"PropertyValueSpecification","valueRequired":true,"valueName":"search_term_string"}}],"inLanguage":"ru-RU"},{"@type":"Organization","@id":"https:\/\/www.lesarmures.ch\/ru\/#organization","name":"Les Armures : H\u00f4tel 5 \u00e9toiles et restaurant \u00e0 Gen\u00e8ve","url":"https:\/\/www.lesarmures.ch\/ru\/","logo":{"@type":"ImageObject","inLanguage":"ru-RU","@id":"https:\/\/www.lesarmures.ch\/ru\/#\/schema\/logo\/image\/","url":"https:\/\/www.lesarmures.ch\/wp-content\/uploads\/2024\/01\/logo_alt_retina.png","contentUrl":"https:\/\/www.lesarmures.ch\/wp-content\/uploads\/2024\/01\/logo_alt_retina.png","width":726,"height":169,"caption":"Les Armures : H\u00f4tel 5 \u00e9toiles et restaurant \u00e0 Gen\u00e8ve"},"image":{"@id":"https:\/\/www.lesarmures.ch\/ru\/#\/schema\/logo\/image\/"}}]}},"_links":{"self":[{"href":"https:\/\/www.lesarmures.ch\/ru\/wp-json\/wp\/v2\/pages\/15080","targetHints":{"allow":["GET"]}}],"collection":[{"href":"https:\/\/www.lesarmures.ch\/ru\/wp-json\/wp\/v2\/pages"}],"about":[{"href":"https:\/\/www.lesarmures.ch\/ru\/wp-json\/wp\/v2\/types\/page"}],"author":[{"embeddable":true,"href":"https:\/\/www.lesarmures.ch\/ru\/wp-json\/wp\/v2\/users\/1"}],"replies":[{"embeddable":true,"href":"https:\/\/www.lesarmures.ch\/ru\/wp-json\/wp\/v2\/comments?post=15080"}],"version-history":[{"count":0,"href":"https:\/\/www.lesarmures.ch\/ru\/wp-json\/wp\/v2\/pages\/15080\/revisions"}],"wp:attachment":[{"href":"https:\/\/www.lesarmures.ch\/ru\/wp-json\/wp\/v2\/media?parent=15080"}],"curies":[{"name":"wp","href":"https:\/\/api.w.org\/{rel}","templated":true}]}}