{"id":14727,"date":"2024-02-01T12:48:02","date_gmt":"2024-02-01T11:48:02","guid":{"rendered":"https:\/\/www.lesarmures.ch\/protection-des-donnees\/"},"modified":"2024-03-06T09:25:48","modified_gmt":"2024-03-06T08:25:48","slug":"protecao-de-dados","status":"publish","type":"page","link":"https:\/\/www.lesarmures.ch\/pt-br\/protecao-de-dados\/","title":{"rendered":"Prote\u00e7\u00e3o de dados"},"content":{"rendered":"<div class=\"s-content\">\n   <div class=\"container\">\n      <div class=\"s-tilsbtns__wp\">\n         <div class=\"row\">\n            <div class=\"col-md-12\">\n               <div class=\"content-text\">\n                  <h1 style=\"text-align: center;\">Protection des donn\u00e9es<\/h1>\n<p>\u00a0<\/p>\n<h3>PR\u00c9SENTATION<\/h3>\n<p>Nous, HOTEL LES ARMURES, \u00e9tablis \u00e0 Gen\u00e8ve, en Suisse, nous engageons \u00e0 prot\u00e9ger la confidentialit\u00e9 de vos Donn\u00e9es Personnelles tout en am\u00e9liorant continuellement les services que nous vous offrons.<\/p>\n<p>L\u2019int\u00e9gralit\u00e9 du traitement des Donn\u00e9es Personnelles s\u2019effectue dans le respect le plus strict du droit applicable \u00e0 la protection des donn\u00e9es, notamment la loi f\u00e9d\u00e9rale suisse sur la protection des donn\u00e9es du 19 juin 1992 et, dans la mesure o\u00f9 il s\u2019y pr\u00eate, le nouveau R\u00e8glement G\u00e9n\u00e9ral sur la Protection des Donn\u00e9es (RGPD) en vigueur dans l\u2019UE.<\/p>\n<p>Cette Politique de Confidentialit\u00e9 repr\u00e9sente la preuve de notre engagement, et son objectif est d\u2019assurer la protection de votre vie priv\u00e9e et la confidentialit\u00e9 de vos Donn\u00e9es Personnelles lorsque vous utilisez nos sites web ou que vous communiquez avec nous. Elle a \u00e9galement pour objectif de vous fournir toutes les informations relatives au traitement de toute donn\u00e9e personnelle que nous pourrions \u00eatre amen\u00e9s \u00e0 recueillir via nos plates-formes en ligne (sites web, applications, r\u00e9seaux sociaux), nos formulaires ou inscriptions en ligne, ou via tout autre type d\u2019interaction.<\/p>\n<p>Lorsque vous acc\u00e9dez \u00e0 nos sites web et\/ou que vous communiquez avec nous via ceux-ci, par e-mail ou par tout autre biais, vous acceptez la pr\u00e9sente Politique de Confidentialit\u00e9. Dans l\u2019\u00e9ventualit\u00e9 o\u00f9 vous n\u2019accepteriez pas certaines parties de cette Politique de Confidentialit\u00e9, vous devez nous en informer et cesser d\u2019utiliser nos sites web. Dans ce cas, nous ne pourrons pas continuer \u00e0 vous offrir nos services.<\/p>\n<h3>DONN\u00c9ES PERSONNELLES<\/h3>\n<p>Le terme \u00ab Donn\u00e9es Personnelles \u00bb signifie toute information relative \u00e0 une personne physique identifi\u00e9e ou identifiable, telle qu\u2019un nom, un num\u00e9ro d&#8217;identification, des donn\u00e9es de localisation, un identifiant en ligne, la date et le lieu de naissance, des informations d\u2019ordre professionnel, ou \u00e0 un ou plusieurs facteurs sp\u00e9cifiques \u00e0 l\u2019identit\u00e9 physique, physiologique, g\u00e9n\u00e9tique, mentale, \u00e9conomique, culturelle ou sociale de la personne physique. Ces Donn\u00e9es Personnelles peuvent vous concerner, de m\u00eame que concerner vos employ\u00e9s ou agents.<\/p>\n<p>Le site web de HOTEL LES ARMURES peut r\u00e9cup\u00e9rer des Donn\u00e9es Personnelles que vous nous donnez de mani\u00e8re active (par ex., votre nom, adresse, num\u00e9ro de t\u00e9l\u00e9phone, adresse e-mail et\/ou date de naissance) lorsque vous remplissez des formulaires ou que vous effectuez une inscription en ligne. Nous pouvons \u00e9galement recueillir d\u2019autres types d&#8217;informations lorsque vous, ou un syst\u00e8me automatis\u00e9, acc\u00e9dez \u00e0 notre site web (types de navigateur et version utilis\u00e9s, syst\u00e8me d\u2019exploitation, sites parrains, sous-sites web, date et heure d\u2019acc\u00e8s des sites web, adresse IP, fournisseur de services internet, etc.).<\/p>\n<p>Vous pouvez recevoir les actualit\u00e9s relatives \u00e0 notre soci\u00e9t\u00e9 en cliquant sur \u00ab Inscription \u00e0 la newsletter \u00bb sur notre site web. Afin de vous inscrire \u00e0 la r\u00e9ception de nos actualit\u00e9s, vous devrez remplir un formulaire sur notre site web et confirmer votre inscription par e-mail. Si vous ne souhaitez plus recevoir nos actualit\u00e9s, vous pouvez annuler votre inscription \u00e0 tout moment en cliquant sur le lien qui se situe en bas de la newsletter. Si vous annulez votre inscription, vos Donn\u00e9es Personnelles seront supprim\u00e9es.<\/p>\n<h3>UTILISATION ET STOCKAGE DE VOS DONN\u00c9ES PERSONNELLES<\/h3>\n<p>Nous traitons vos Donn\u00e9es Personnelles uniquement dans le but de proposer des sites web fonctionnels, de m\u00eame que nos contenus et nos services.<\/p>\n<p>Nous pouvons utiliser les Donn\u00e9es Personnelles que vous nous fournissez aux fins suivantes :<\/p>\n<ul>\n<li>Gestion de nos relations et de nos communications avec vous ;<\/li>\n<li>Marketing et fins promotionnelles adapt\u00e9s \u00e0 votre profil personnel (communications avec les clients, invitations personnelles \u00e0 des conf\u00e9rences et \u00e9v\u00e9nements, communications d\u2019entreprise et de marketing, contenu et newsletter de nos soci\u00e9t\u00e9s) ;<\/li>\n<li>Analyses et statistiques ;<\/li>\n<li>Objectifs commerciaux, services clients et assistance ;<\/li>\n<li>Objectifs l\u00e9gaux (afin de pr\u00e9venir la fraude et d\u2019autres activit\u00e9s interdites ou ill\u00e9gales).<\/li>\n<\/ul>\n<p>Sauf si la loi l\u2019exige ou en cas d\u2019imp\u00e9ratifs de s\u00e9curit\u00e9 pour une autre p\u00e9riode donn\u00e9e, il se peut que nous stockions ou traitions vos Donn\u00e9es Personnelles aussi longtemps que cela nous semble n\u00e9cessaire, dans la mesure o\u00f9 vous ne retirez pas votre consentement \u00e0 leur traitement (pour une ou plusieurs raisons donn\u00e9es) ou n\u2019exercez pas votre droit \u00e0 l\u2019oubli avant la date d\u2019\u00e9ch\u00e9ance de toutes ces p\u00e9riodes.<\/p>\n<p>Nous limitons l\u2019utilisation et l\u2019acc\u00e8s \u00e0 vos Donn\u00e9es Personnelles. Elles seront utilis\u00e9es uniquement par nous-m\u00eames et par nos fournisseurs de technologies, qui sont \u00e9galement tenus de prot\u00e9ger vos Donn\u00e9es Personnelles. Nous ne vendons ni ne transf\u00e9rons vos Donn\u00e9es Personnelles \u00e0 des tiers, sauf avec votre accord pr\u00e9alable ou, lorsque nous y sont tenus, en fonction de toute disposition l\u00e9gale et r\u00e9glementaire applicable. Nous ne contr\u00f4lons pas votre comportement ni ne suivons votre situation g\u00e9ographique, pas plus que ne vous soumettons \u00e0 du profilage ou \u00e0 de la prise de d\u00e9cision automatique.<\/p>\n<h3>TRAITEMENT DES DONN\u00c9ES PERSONNELLES<\/h3>\n<p>Nous stockons et traitons vos Donn\u00e9es Personnelles aux fins pour lesquelles vous nous avez accord\u00e9 votre assentiment et en relation avec les services que nous proposons, \u00e0 l\u2019exception d\u2019une impossibilit\u00e9, pour des raisons pratiques, d\u2019obtenir un accord pr\u00e9alable ou dans les cas o\u00f9 le traitement de vos donn\u00e9es est autoris\u00e9 par la loi. Le stockage de vos Donn\u00e9es Personnelles doit \u00eatre effectu\u00e9 d\u2019une mani\u00e8re compatible avec les obligations l\u00e9gales et les technologies disponibles.<\/p>\n<p>Des Donn\u00e9es Personnelles aff\u00e9rentes aux communications avec vous seront enregistr\u00e9es afin de r\u00e9pondre \u00e0 vos demandes.<\/p>\n<h3>COOKIES<\/h3>\n<p>Les pages web de HOTEL LES ARMURES utilisent des cookies qui sont t\u00e9l\u00e9charg\u00e9s sur votre appareil lorsque vous visitez nos sites web. Les cookies nous permettent de proposer aux utilisateurs de nos sites web des services conviviaux, dans le but d\u2019enregistrer des pr\u00e9f\u00e9rences, d&#8217;analyser des connexions sur le site, d\u2019inclure des cookies tiers, et \u00e0 des fins publicitaires.<\/p>\n<p>Vous pouvez d\u00e9sactiver les cookies via nos sites web gr\u00e2ce au param\u00e8tre correspondant sur le navigateur utilis\u00e9, et refuser ainsi l\u2019utilisation de cookies de mani\u00e8re permanente. En outre, des cookies d\u00e9j\u00e0 d\u00e9finis peuvent \u00eatre supprim\u00e9s \u00e0 tout moment via un navigateur internet ou des programmes logiciels. Si vous d\u00e9sactivez l\u2019utilisation de cookies dans votre navigateur internet, il se peut que vous ne soyez pas en mesure d\u2019utiliser toutes les fonctions de nos sites web.<\/p>\n<h3>DISPOSITIONS DE PROTECTION DES DONN\u00c9ES RELATIVES \u00c0 L\u2019APPLICATION ET \u00c0 L\u2019UTILISATION DE GOOGLE ANALYTICS (AVEC UNE FONCTION D\u2019ANONYMISATION)<\/h3>\n<p>Des composants de Google Analytics sont int\u00e9gr\u00e9s \u00e0 nos sites web. L\u2019adresse IP de votre connexion internet est abr\u00e9g\u00e9e par Google et anonymis\u00e9e lors de l\u2019acc\u00e8s \u00e0 nos sites web d\u2019un \u00c9tat membre de l\u2019Union europ\u00e9enne ou d\u2019un autre \u00c9tat contractant \u00e0 l\u2019accord sur l\u2019Espace \u00e9conomique europ\u00e9en. L\u2019objectif du composant Google Analytics est d\u2019analyser le trafic sur nos sites web. Avec chaque visite \u00e0 l\u2019une des pages individuelles de nos sites web, votre navigateur (via l\u2019utilisation de cookies) va automatiquement envoyer des donn\u00e9es via le composant Google Analytics \u00e0 des fins de publicit\u00e9 en ligne et du r\u00e8glement des commissions \u00e0 Google. Au cours de cette proc\u00e9dure technique, la soci\u00e9t\u00e9 Google prend connaissance de certaines informations personnelles des utilisateurs, telles que votre adresse IP, qui permet \u00e0 Google, entre autres, de comprendre l\u2019origine des visiteurs et des clics, puis d\u2019\u00e9tablir des accords de commission. Vous pouvez emp\u00eacher la pr\u00e9sence des cookies via nos sites web \u00e0 tout moment gr\u00e2ce au param\u00e8tre correspondant sur le navigateur utilis\u00e9 et ainsi refuser l\u2019utilisation de cookies de mani\u00e8re permanente.<\/p>\n<h4>VOS DROITS<\/h4>\n<p>Vos droits quant \u00e0 vos Donn\u00e9es Personnelles sont les suivants :<\/p>\n<ul>\n<li>Demander l\u2019acc\u00e8s aux Donn\u00e9es Personnelles collect\u00e9es ;<\/li>\n<li>Demander la correction des Donn\u00e9es Personnelles inexactes ;<\/li>\n<li>Vous opposer au traitement de vos Donn\u00e9es Personnelles (enti\u00e8rement ou en partie) ;<\/li>\n<li>\u00catre oubli\u00e9\/e, tout particuli\u00e8rement lorsque vous ne consentez plus au traitement de vos Donn\u00e9es Personnelles (vous avez le droit d\u2019annuler votre consentement \u00e0 tout moment) ;<\/li>\n<li>Limiter le traitement de vos Donn\u00e9es Personnelles ;<\/li>\n<li>Demander le transfert de vos Donn\u00e9es Personnelles vers un autre syst\u00e8me de traitement \u00e9lectronique ;<\/li>\n<li>Ne pas \u00eatre sujet \u00e0 une d\u00e9cision se basant seulement sur un traitement automatis\u00e9 ;<\/li>\n<li>D\u00e9poser des plaintes \u00e0 l\u2019encontre d\u2019une autorit\u00e9 de supervision.<\/li>\n<\/ul>\n<p>Ces droits peuvent \u00eatre sujets \u00e0 des exceptions ou limitations (par ex., lorsque vos Donn\u00e9es Personnelles sont trait\u00e9es \u00e0 des fins de s\u00e9curit\u00e9 ou qu\u2019elles sont stock\u00e9es pour des raisons l\u00e9gales ou contractuelles) et en tenant compte des technologies disponibles et du co\u00fbt de la mise en \u0153uvre. Dans tous les cas, nous nous engageons \u00e0 v\u00e9rifier syst\u00e9matiquement votre identit\u00e9 avant de traiter toute demande bas\u00e9e sur les droits mentionn\u00e9s ci-dessus.<\/p>\n<h3>CONTACT<\/h3>\n<p>Si vous souhaitez exercer vos droits comme d\u00e9crits dans la pr\u00e9sente Politique de Confidentialit\u00e9 ou si vous avez des questions ou des doutes quant \u00e0 celle-ci, veuillez contacter le Responsable de la protection des donn\u00e9es.<\/p>\n<p>HOTEL LES ARMURES Rue Otto Barban, Rue du Soleil-Levant, 1204 Gen\u00e8ve, Suisse info@lesarmures.ch<\/p>\n<h3>Param\u00e8tres des Cookies<\/h3>\n<p>Lors de votre visite sur notre site Web, des donn\u00e9es peuvent \u00eatre stock\u00e9es dans votre navigateur ou r\u00e9cup\u00e9r\u00e9es \u00e0 partir de celui-ci, g\u00e9n\u00e9ralement sous la forme de cookies. Ces informations peuvent concerner vos pr\u00e9f\u00e9rences, votre appareil, et sont principalement utilis\u00e9es pour assurer le bon fonctionnement du site. Bien que ces informations ne permettent g\u00e9n\u00e9ralement pas de vous identifier directement, elles contribuent \u00e0 personnaliser votre exp\u00e9rience Web.<\/p>\n<p>Afin de respecter votre droit \u00e0 la vie priv\u00e9e, nous avons mis en place un outil tiers de consentement aux cookies, plus pr\u00e9cis\u00e9ment le banner &#8220;CookieYes \u2013 Cookie Banner for Cookie Consent (Easy to setup GDPR\/CCPA Compliant Cookie Notice).&#8221; Ce banner facilite la mise en place d&#8217;un avis de consentement aux cookies conforme au RGPD et au CCPA, offrant aux utilisateurs une gestion simple et transparente de leurs pr\u00e9f\u00e9rences en mati\u00e8re de cookies.<\/p>\n<p>Vous avez la possibilit\u00e9 de ne pas autoriser certains types de cookies en cliquant sur les diff\u00e9rentes cat\u00e9gories dans le banner, pour obtenir plus de d\u00e9tails sur chacune d&#8217;entre elles, et modifier les param\u00e8tres par d\u00e9faut. Cependant, veuillez noter que le blocage de certains types de cookies pourrait avoir un impact sur votre exp\u00e9rience de navigation et sur les services que nous sommes en mesure de vous offrir.<\/p>\n<p>\u00a0<\/p>\n<p>\u00a0<\/p>\n               <\/div>\n            <\/div>\n         <\/div>\n      <\/div>\n   <\/div>\n<\/div>\n","protected":false},"excerpt":{"rendered":"","protected":false},"author":1,"featured_media":0,"parent":0,"menu_order":0,"comment_status":"closed","ping_status":"closed","template":"page-header.php","meta":{"inline_featured_image":false,"footnotes":""},"class_list":["post-14727","page","type-page","status-publish","hentry"],"yoast_head":"<!-- This site is optimized with the Yoast SEO plugin v27.3 - https:\/\/yoast.com\/product\/yoast-seo-wordpress\/ -->\n<title>Prote\u00e7\u00e3o de dados - Hotel Les Armures Gen\u00e8ve<\/title>\n<meta name=\"robots\" content=\"index, follow, max-snippet:-1, max-image-preview:large, max-video-preview:-1\" \/>\n<link rel=\"canonical\" href=\"https:\/\/www.lesarmures.ch\/pt-br\/protecao-de-dados\/\" \/>\n<meta property=\"og:locale\" content=\"pt_BR\" \/>\n<meta property=\"og:type\" content=\"article\" \/>\n<meta property=\"og:title\" content=\"Prote\u00e7\u00e3o de dados - Hotel Les Armures Gen\u00e8ve\" \/>\n<meta property=\"og:url\" content=\"https:\/\/www.lesarmures.ch\/pt-br\/protecao-de-dados\/\" \/>\n<meta property=\"og:site_name\" content=\"Hotel Les Armures Gen\u00e8ve\" \/>\n<meta property=\"article:modified_time\" content=\"2024-03-06T08:25:48+00:00\" \/>\n<meta name=\"twitter:card\" content=\"summary_large_image\" \/>\n<script type=\"application\/ld+json\" class=\"yoast-schema-graph\">{\"@context\":\"https:\\\/\\\/schema.org\",\"@graph\":[{\"@type\":\"WebPage\",\"@id\":\"https:\\\/\\\/www.lesarmures.ch\\\/pt-br\\\/protecao-de-dados\\\/\",\"url\":\"https:\\\/\\\/www.lesarmures.ch\\\/pt-br\\\/protecao-de-dados\\\/\",\"name\":\"Prote\u00e7\u00e3o de dados - Hotel Les Armures Gen\u00e8ve\",\"isPartOf\":{\"@id\":\"https:\\\/\\\/www.lesarmures.ch\\\/ru\\\/#website\"},\"datePublished\":\"2024-02-01T11:48:02+00:00\",\"dateModified\":\"2024-03-06T08:25:48+00:00\",\"breadcrumb\":{\"@id\":\"https:\\\/\\\/www.lesarmures.ch\\\/pt-br\\\/protecao-de-dados\\\/#breadcrumb\"},\"inLanguage\":\"pt-BR\",\"potentialAction\":[{\"@type\":\"ReadAction\",\"target\":[\"https:\\\/\\\/www.lesarmures.ch\\\/pt-br\\\/protecao-de-dados\\\/\"]}]},{\"@type\":\"BreadcrumbList\",\"@id\":\"https:\\\/\\\/www.lesarmures.ch\\\/pt-br\\\/protecao-de-dados\\\/#breadcrumb\",\"itemListElement\":[{\"@type\":\"ListItem\",\"position\":1,\"name\":\"Accueil\",\"item\":\"https:\\\/\\\/www.lesarmures.ch\\\/pt-br\\\/\"},{\"@type\":\"ListItem\",\"position\":2,\"name\":\"Prote\u00e7\u00e3o de dados\"}]},{\"@type\":\"WebSite\",\"@id\":\"https:\\\/\\\/www.lesarmures.ch\\\/ru\\\/#website\",\"url\":\"https:\\\/\\\/www.lesarmures.ch\\\/ru\\\/\",\"name\":\"Les Armures : H\u00f4tel 5 \u00e9toiles et restaurant \u00e0 Gen\u00e8ve\",\"description\":\"\",\"publisher\":{\"@id\":\"https:\\\/\\\/www.lesarmures.ch\\\/ru\\\/#organization\"},\"potentialAction\":[{\"@type\":\"SearchAction\",\"target\":{\"@type\":\"EntryPoint\",\"urlTemplate\":\"https:\\\/\\\/www.lesarmures.ch\\\/ru\\\/?s={search_term_string}\"},\"query-input\":{\"@type\":\"PropertyValueSpecification\",\"valueRequired\":true,\"valueName\":\"search_term_string\"}}],\"inLanguage\":\"pt-BR\"},{\"@type\":\"Organization\",\"@id\":\"https:\\\/\\\/www.lesarmures.ch\\\/ru\\\/#organization\",\"name\":\"Les Armures : H\u00f4tel 5 \u00e9toiles et restaurant \u00e0 Gen\u00e8ve\",\"url\":\"https:\\\/\\\/www.lesarmures.ch\\\/ru\\\/\",\"logo\":{\"@type\":\"ImageObject\",\"inLanguage\":\"pt-BR\",\"@id\":\"https:\\\/\\\/www.lesarmures.ch\\\/ru\\\/#\\\/schema\\\/logo\\\/image\\\/\",\"url\":\"https:\\\/\\\/www.lesarmures.ch\\\/wp-content\\\/uploads\\\/2024\\\/01\\\/logo_alt_retina.png\",\"contentUrl\":\"https:\\\/\\\/www.lesarmures.ch\\\/wp-content\\\/uploads\\\/2024\\\/01\\\/logo_alt_retina.png\",\"width\":726,\"height\":169,\"caption\":\"Les Armures : H\u00f4tel 5 \u00e9toiles et restaurant \u00e0 Gen\u00e8ve\"},\"image\":{\"@id\":\"https:\\\/\\\/www.lesarmures.ch\\\/ru\\\/#\\\/schema\\\/logo\\\/image\\\/\"}}]}<\/script>\n<!-- \/ Yoast SEO plugin. -->","yoast_head_json":{"title":"Prote\u00e7\u00e3o de dados - Hotel Les Armures Gen\u00e8ve","robots":{"index":"index","follow":"follow","max-snippet":"max-snippet:-1","max-image-preview":"max-image-preview:large","max-video-preview":"max-video-preview:-1"},"canonical":"https:\/\/www.lesarmures.ch\/pt-br\/protecao-de-dados\/","og_locale":"pt_BR","og_type":"article","og_title":"Prote\u00e7\u00e3o de dados - Hotel Les Armures Gen\u00e8ve","og_url":"https:\/\/www.lesarmures.ch\/pt-br\/protecao-de-dados\/","og_site_name":"Hotel Les Armures Gen\u00e8ve","article_modified_time":"2024-03-06T08:25:48+00:00","twitter_card":"summary_large_image","schema":{"@context":"https:\/\/schema.org","@graph":[{"@type":"WebPage","@id":"https:\/\/www.lesarmures.ch\/pt-br\/protecao-de-dados\/","url":"https:\/\/www.lesarmures.ch\/pt-br\/protecao-de-dados\/","name":"Prote\u00e7\u00e3o de dados - Hotel Les Armures Gen\u00e8ve","isPartOf":{"@id":"https:\/\/www.lesarmures.ch\/ru\/#website"},"datePublished":"2024-02-01T11:48:02+00:00","dateModified":"2024-03-06T08:25:48+00:00","breadcrumb":{"@id":"https:\/\/www.lesarmures.ch\/pt-br\/protecao-de-dados\/#breadcrumb"},"inLanguage":"pt-BR","potentialAction":[{"@type":"ReadAction","target":["https:\/\/www.lesarmures.ch\/pt-br\/protecao-de-dados\/"]}]},{"@type":"BreadcrumbList","@id":"https:\/\/www.lesarmures.ch\/pt-br\/protecao-de-dados\/#breadcrumb","itemListElement":[{"@type":"ListItem","position":1,"name":"Accueil","item":"https:\/\/www.lesarmures.ch\/pt-br\/"},{"@type":"ListItem","position":2,"name":"Prote\u00e7\u00e3o de dados"}]},{"@type":"WebSite","@id":"https:\/\/www.lesarmures.ch\/ru\/#website","url":"https:\/\/www.lesarmures.ch\/ru\/","name":"Les Armures : H\u00f4tel 5 \u00e9toiles et restaurant \u00e0 Gen\u00e8ve","description":"","publisher":{"@id":"https:\/\/www.lesarmures.ch\/ru\/#organization"},"potentialAction":[{"@type":"SearchAction","target":{"@type":"EntryPoint","urlTemplate":"https:\/\/www.lesarmures.ch\/ru\/?s={search_term_string}"},"query-input":{"@type":"PropertyValueSpecification","valueRequired":true,"valueName":"search_term_string"}}],"inLanguage":"pt-BR"},{"@type":"Organization","@id":"https:\/\/www.lesarmures.ch\/ru\/#organization","name":"Les Armures : H\u00f4tel 5 \u00e9toiles et restaurant \u00e0 Gen\u00e8ve","url":"https:\/\/www.lesarmures.ch\/ru\/","logo":{"@type":"ImageObject","inLanguage":"pt-BR","@id":"https:\/\/www.lesarmures.ch\/ru\/#\/schema\/logo\/image\/","url":"https:\/\/www.lesarmures.ch\/wp-content\/uploads\/2024\/01\/logo_alt_retina.png","contentUrl":"https:\/\/www.lesarmures.ch\/wp-content\/uploads\/2024\/01\/logo_alt_retina.png","width":726,"height":169,"caption":"Les Armures : H\u00f4tel 5 \u00e9toiles et restaurant \u00e0 Gen\u00e8ve"},"image":{"@id":"https:\/\/www.lesarmures.ch\/ru\/#\/schema\/logo\/image\/"}}]}},"_links":{"self":[{"href":"https:\/\/www.lesarmures.ch\/pt-br\/wp-json\/wp\/v2\/pages\/14727","targetHints":{"allow":["GET"]}}],"collection":[{"href":"https:\/\/www.lesarmures.ch\/pt-br\/wp-json\/wp\/v2\/pages"}],"about":[{"href":"https:\/\/www.lesarmures.ch\/pt-br\/wp-json\/wp\/v2\/types\/page"}],"author":[{"embeddable":true,"href":"https:\/\/www.lesarmures.ch\/pt-br\/wp-json\/wp\/v2\/users\/1"}],"replies":[{"embeddable":true,"href":"https:\/\/www.lesarmures.ch\/pt-br\/wp-json\/wp\/v2\/comments?post=14727"}],"version-history":[{"count":1,"href":"https:\/\/www.lesarmures.ch\/pt-br\/wp-json\/wp\/v2\/pages\/14727\/revisions"}],"predecessor-version":[{"id":15053,"href":"https:\/\/www.lesarmures.ch\/pt-br\/wp-json\/wp\/v2\/pages\/14727\/revisions\/15053"}],"wp:attachment":[{"href":"https:\/\/www.lesarmures.ch\/pt-br\/wp-json\/wp\/v2\/media?parent=14727"}],"curies":[{"name":"wp","href":"https:\/\/api.w.org\/{rel}","templated":true}]}}