{"id":13479,"date":"2024-01-29T10:50:22","date_gmt":"2024-01-29T09:50:22","guid":{"rendered":"https:\/\/www.lesarmures.ch\/restaurant-les-armures\/"},"modified":"2026-03-27T12:12:52","modified_gmt":"2026-03-27T11:12:52","slug":"restaurant","status":"publish","type":"page","link":"https:\/\/www.lesarmures.ch\/en\/restaurant\/","title":{"rendered":"Restaurant Les Armures"},"content":{"rendered":"<div class=\"s-banner1 s-banner1-full is-animated is-animated--image\">\n   <div class=\"img\">\n      <img decoding=\"async\" src=\"https:\/\/www.lesarmures.ch\/wp-content\/uploads\/2024\/01\/ban1.jpg\" alt=\"\">\n   <\/div>\n   <div class=\"bg \"><\/div>\n   <div class=\"container\">\n      <div class=\"row\">\n         <div class=\"col-12 p-md-auto\">\n            <div class=\"is-animated is-animated--false is-animated--delay-5\">\n            <p>Travel to he heart of Geneva&#8217;s history in our historical rooms.<\/p>\n               <\/div>\n            <h1 class=\"title-gras is-animated is-animated--false is-animated--delay-5\">\n               \u00ab Highlighting authentic Swiss specialities \u00bb            <\/h1>\n         <\/div>\n      <\/div>\n   <\/div>\n<\/div>\n\n\n<div class=\"s-tilsbtns\">\n   <div class=\"container\">\n      <div class=\"s-tilsbtns__wp\">\n         <div class=\"row\">\n            <div class=\"col-12\">\n               <h2 class=\"title-gras is-animated is-animated--false\">Les Armures Restaurant               <\/h2>\n            <\/div>\n            <div class=\"col-md-7\">\n               <div class=\"s-tilsbtns__content is-animated is-animated--false is-animated--delay-2\">\n                  <h2>The traditional taste of Switzerland<\/h2>\n<p><strong>Travel to the heart of Geneva&#8217;s history in our historical room.<br \/><\/strong><\/p>\n<p>Our historical rooms invite you to embark on a veritable journey through the ages, step back in time in <strong>warm, relaxed atmosphere.<\/strong> Discover Swiss gastronomy by sampling our typical specialties such as Z\u00fcrich-style veal, grilled St. Gallen sch\u00fcblig or our half-and-half fondue (Vacherin and Gruy\u00e8re) accompanied by a delicious Valais plate.<\/p>\n<p class=\"\"><strong>Contact us :\u00a0 <a href=\"tel:41228187171\">. +41 22 818 71 71.<\/a> Or by email\u00a0 <a href=\"tel:41228187171\">restaurant@lesarmures.ch.<\/a><\/strong><\/p>\n               <\/div>\n            <\/div>\n            <div class=\"col-md-5\">\n               <div class=\"wp-ban \">\n                  <div class=\"btns\">\n                                          <a href=\"https:\/\/www.lesarmures.ch\/wp-content\/uploads\/2026\/03\/Carte-mets-printemps-2026.pdf\" target=\"_blank\" class=\"is-animated is-animated--false is-animated--delay-2\">Food menu<\/a>\n                                          <a href=\"https:\/\/www.lesarmures.ch\/wp-content\/uploads\/2026\/01\/Carte-des-vins-22.01.26.pdf\" target=\"_blank\" class=\"is-animated is-animated--false is-animated--delay-2\">Wine list<\/a>\n                                          <a href=\"https:\/\/www.lesarmures.ch\/wp-content\/uploads\/2026\/03\/Plats-du-jour-du-30.03.2026-au-03.04.2026.pdf\" target=\"_blank\" class=\"is-animated is-animated--false is-animated--delay-2\">Daily menu<\/a>\n                                       <\/div>\n                  <div class=\"\">\n                     <h4 class=\"is-animated is-animated--false is-animated--delay-2\">Open daily from 12:00 am to 10:30 pm <\/h4>\n                     <p class=\"is-animated is-animated--false is-animated--delay-2\">Except 24, 25, 31 December and 1 January<\/p>\n                  <\/div>\n               <\/div>\n            <\/div>\n         <\/div>\n      <\/div>\n   <\/div>\n<\/div>\n\n\n<div class=\"s-reserv is-animated is-animated--false is-animated--delay-2 all-center\">\n   <div class=\"container\">\n      <div class=\"row\">\n         <div class=\"col-12\">\n          \n            <p class=\"d-block\">Book a Table<\/p>\n              \n               <div>\n                  <a  href=\"https:\/\/bookings.zenchef.com\/results?rid=378069&#038;pid=1001&#038;lang=en\" target=\"_blank\" rel=\"noopener noreferrer\" class=\"reserver\">Book<\/a>\n               <\/div>\n         \n         <\/div>\n      <\/div>\n   <\/div>\n<\/div>\n\n\n<div class=\"s-treeimg2 \">\n   <div class=\"bg-1\"><\/div>\n   <div class=\"bg-2\">\n      <img decoding=\"async\" src=\"https:\/\/www.lesarmures.ch\/wp-content\/uploads\/2024\/02\/Rest-Bar-3-e1712743191139.jpg\" alt=\"\">\n   <\/div>\n   <div class=\"container\">\n      <div class=\"wrap-box\">\n         <div class=\"row align-items-start\">\n            <div class=\"col-md-6\">\n               <div class=\"s-treeimg2__itm\">\n                  <div class=\"slide-gal is-animated is-animated--false\">\n                                          <div class=\"img1\">\n                        <img decoding=\"async\" src=\"https:\/\/www.lesarmures.ch\/wp-content\/uploads\/2024\/03\/RESTAURANT-CARNOZET.jpg\" alt=\"\t\tGain altitude in our Chalet areas\">\n                       \n                     <\/div>\n                                       <\/div>\n               <\/div>\n            <\/div>\n            <div class=\"col-md-6\">\n               <div class=\"s-treeimg2__itm \">\n                  <div>\n                     <div class=\"txt txt-1\">\n                        <h3 class=\"is-animated is-animated--false is-animated--delay-1\">\n                           Gain altitude in our Chalet areas                        <\/h3>\n                        <p class=\"is-animated is-animated--false is-animated--delay-2\">\n                           Divided into different zones, the Carnotzet is reminiscent of a cosy Alpine chalet. In a setting combining the charm of wood and exposed stone, this Alpine chalet-style setting invites you to take a comforting break for a meal. Enjoy a raclette or one of our emblematic Swiss specialties such as OLMA veal sausage or r\u00f6sti.\n\nAs the weather warms up, our restaurant also welcomes guests outdoors on its relaxed and shady terrace nestled alongside the Old Arsenal.                        <\/p>\n                     <\/div>\n                     <div class=\"img1 img-mobile is-animated is-animated--image\">\n                        <img decoding=\"async\" src=\"https:\/\/www.lesarmures.ch\/wp-content\/uploads\/2024\/02\/Rest-Bar-3-e1712743191139.jpg\" alt=\"\">\n                     \n                     <\/div>\n                  <\/div>\n               <\/div>\n            <\/div>\n         <\/div>\n      <\/div>\n      <div class=\"wrap-box2\">\n         <div class=\"row align-items-start\">\n            <div class=\"col-md-6\">\n               <div class=\"s-treeimg2__itm\">\n                  <div>\n                     <div class=\"txt text-white\">\n                        <div class=\"is-animated is-animated--false is-animated--delay-1\">\n                        <p>GENEVA&#8217;S OLD TOWN OR THE WARM ATMOSPHERE<br \/>\nATMOSPHERE OF AN ALPINE CHALET.<\/p>\n                           <\/div>\n                        <h3 class=\"is-animated is-animated--false is-animated--delay-2\">\n                           \u00abThe subtle elegance of our shaded terrace\u00bb                        <\/h3>\n                     <\/div>\n                  <\/div>\n               <\/div>\n            <\/div>\n            <div class=\"col-md-6\">\n               <div class=\"s-treeimg2__itm\">\n                  <div class=\"slide-gal is-animated is-animated--false\">\n                                          <div class=\"img2\">\n                        <img decoding=\"async\" src=\"https:\/\/www.lesarmures.ch\/wp-content\/uploads\/2024\/04\/terrasse_resize.jpg\" alt=\"\">\n                      \n                     <\/div>\n                                          <div class=\"img2\">\n                        <img decoding=\"async\" src=\"https:\/\/www.lesarmures.ch\/wp-content\/uploads\/2024\/02\/Rest-Cocktail-1.jpg\" alt=\"\">\n                      \n                     <\/div>\n                                       <\/div>\n               <\/div>\n            <\/div>\n         <\/div>\n      <\/div>\n   <\/div>\n<\/div>\n<\/div>\n\n\n<div class=\"s-txt\">\n   <div class=\"container\">\n      <div class=\"row\">\n         <div class=\"col-12\">\n            <div class=\"wp-txt\">\n               <h2 class=\"title-gras is-animated is-animated--false is-animated--delay-1\">In summer&#8230;<\/h2>\n               <div class=\"is-animated is-animated--false is-animated--delay-2\">\n\n             \n               <p><span style=\"font-weight: 400;\">During summer time, Les Armures restaurant welcomes you to its friendly, shaded terrace at the foot of the old Arsenal.<\/span><\/p>\n                    <\/div>\n            <\/div>\n         <\/div>\n      <\/div>\n   <\/div>\n<\/div>\n\n\n<div class=\"s-banner-imgtxt h-100\">\n   <div class=\"img\">\n      <img decoding=\"async\" src=\"https:\/\/www.lesarmures.ch\/wp-content\/uploads\/2024\/01\/cuisine-italienne-ingredients.jpg\" alt=\"\">\n   <\/div>\n   <div class=\"container h-100\">\n      <div class=\"row align-items-end h-100\">\n         <div class=\"col-lg-6 col-xl-6\">\n            <h2 class=\"is-animated is-animated--false\">\n               A selection of premium products.            <\/h2>\n         <\/div>\n         <div class=\"col-lg-12 col-xl-12\">\n            <div class=\"grid-products\">\n                              <div class=\"item-products\">\n                  <h3 class=\"is-animated is-animated--false is-animated--delay-1\">Lake Geneva perch<\/h3>\n                  <p class=\"is-animated is-animated--false is-animated--delay-2\">\n                     \n                  <\/p>\n               <\/div>\n                              <div class=\"item-products\">\n                  <h3 class=\"is-animated is-animated--false is-animated--delay-1\">Lard from CherMignon<\/h3>\n                  <p class=\"is-animated is-animated--false is-animated--delay-2\">\n                                       <\/p>\n               <\/div>\n                              <div class=\"item-products\">\n                  <h3 class=\"is-animated is-animated--false is-animated--delay-1\">Fr\u00e8res Dutruy wines<\/h3>\n                  <p class=\"is-animated is-animated--false is-animated--delay-2\">\n                                       <\/p>\n               <\/div>\n                              <div class=\"item-products\">\n                  <h3 class=\"is-animated is-animated--false is-animated--delay-1\">Our Vacherin AOP from Billens<\/h3>\n                  <p class=\"is-animated is-animated--false is-animated--delay-2\">\n                                       <\/p>\n               <\/div>\n                              <div class=\"item-products\">\n                  <h3 class=\"is-animated is-animated--false is-animated--delay-1\">Meringues and Gruy\u00e8re double cream<\/h3>\n                  <p class=\"is-animated is-animated--false is-animated--delay-2\">\n                                       <\/p>\n               <\/div>\n                              <div class=\"item-products\">\n                  <h3 class=\"is-animated is-animated--false is-animated--delay-1\">Stephanie&#8217;s honey<\/h3>\n                  <p class=\"is-animated is-animated--false is-animated--delay-2\">\n                                       <\/p>\n               <\/div>\n                           <\/div>\n         <\/div>\n      <\/div>\n   <\/div>\n<\/div>\n\n\n<div class=\"s-image\">\n   <div class=\"container\">\n      <div class=\"row\">\n         <div class=\"col-12 is-animated is-animated--false is-animated--delay-2\">\n            <img decoding=\"async\" src=\"https:\/\/www.lesarmures.ch\/wp-content\/uploads\/2024\/02\/Rest-Salle-2-768x513-1.jpg\" alt=\"\">\n         <\/div>\n      <\/div>\n   <\/div>\n<\/div>\n<div class=\"s-twoimg\">\n   <div class=\"s-twoimg__content\">\n      <div class=\"container\">\n         <div class=\"row\">\n            <div class=\"col-md-6 col-xl-5\">\n               <div class=\"s-twoimg__box box-1\">\n                  <h2 class=\"is-animated is-animated--false \">\n                     Give your events a unique setting in Geneva!                  <\/h2>\n                  <div class=\"is-animated is-animated--false is-animated--delay-2\">\n\n                 \n                                        <\/div>\n                  <div class=\"txt_p mt-5 is-animated is-animated--false is-animated--delay-2\">\n                     <p><span style=\"font-weight: 400;\">Should you need any further information, privitaze one or more rooms or wish to organize an event, do not hesitate to contact us. We will be delighted to assist you and make you a personalised offer.<\/span><\/p>\n<p><span style=\"font-weight: 400;\">You will find our group menus below. Please choose a single menu for all your guests, with the exception of allergies, intolerances and vegetarian menus.<\/span><\/p>\n                     <a href=\"https:\/\/www.lesarmures.ch\/wp-content\/uploads\/2024\/06\/menu-groupe-GB-2024.pdf\" target=\"_blank\" class=\"btn\">  See menus<\/a>\n                  <\/div>\n               <\/div>\n            <\/div>\n            <div class=\"col-md-6 col-xl-7\">\n               <div class=\"s-twoimg__box box-2\">\n                  <h2 class=\"is-animated is-animated--false is-animated--delay-2\">\n                     For a birthday, corporate party or celebration                  <\/h2>\n                  <div class=\"is-animated is-animated--false is-animated--delay-2\">\n\n                \n                  <p><span style=\"font-weight: 400;\">To celebrate, announce, commemorate or simply get together with friends or family, Les Armures restaurant offers a number of private areas.<\/span><\/p>\n<p><span style=\"font-weight: 400;\">Our Swiss chalet offers you three warm spaces, adapted to your needs and with a total capacity of 60 people:<\/span><\/p>\n<ul>\n<li><span style=\"font-weight: 400;\">The main room can accommodate up to 30 people.<\/span><\/li>\n<li><span style=\"font-weight: 400;\">The vaulted room can accommodate up to 12 people.<\/span><\/li>\n<li><span style=\"font-weight: 400;\">The Cervin room can accommodate up to 18 people.<\/span><\/li>\n<\/ul>\n<p><span style=\"font-weight: 400;\">Semi-privatisation is available on request.<\/span><\/p>\n<p><span style=\"font-weight: 400;\">Please note that we do not rent out our private rooms for your own use, and there is a minimum of spent per guest.<br \/><\/span><\/p>\n                       <\/div>\n               <\/div>\n            <\/div>\n         <\/div>\n      <\/div>\n   <\/div>\n<\/div>\n","protected":false},"excerpt":{"rendered":"","protected":false},"author":1,"featured_media":0,"parent":0,"menu_order":0,"comment_status":"closed","ping_status":"closed","template":"","meta":{"inline_featured_image":false,"footnotes":""},"class_list":["post-13479","page","type-page","status-publish","hentry"],"yoast_head":"<!-- This site is optimized with the Yoast SEO plugin v27.3 - https:\/\/yoast.com\/product\/yoast-seo-wordpress\/ -->\n<title>Hotel restaurant in Geneva - Restaurant serving traditional Swiss fare<\/title>\n<meta name=\"description\" content=\"Travel to the heart of Geneva\u2019s history and discover Swiss haute cuisine by enjoying our distinctive specialities in a relaxed environment.\" \/>\n<meta name=\"robots\" content=\"index, follow, max-snippet:-1, max-image-preview:large, max-video-preview:-1\" \/>\n<link rel=\"canonical\" href=\"https:\/\/www.lesarmures.ch\/en\/restaurant\/\" \/>\n<meta property=\"og:locale\" content=\"en_US\" \/>\n<meta property=\"og:type\" content=\"article\" \/>\n<meta property=\"og:title\" content=\"Hotel restaurant in Geneva - Restaurant serving traditional Swiss fare\" \/>\n<meta property=\"og:description\" content=\"Travel to the heart of Geneva\u2019s history and discover Swiss haute cuisine by enjoying our distinctive specialities in a relaxed environment.\" \/>\n<meta property=\"og:url\" content=\"https:\/\/www.lesarmures.ch\/en\/restaurant\/\" \/>\n<meta property=\"og:site_name\" content=\"Hotel Les Armures Gen\u00e8ve\" \/>\n<meta property=\"article:modified_time\" content=\"2026-03-27T11:12:52+00:00\" \/>\n<meta name=\"twitter:card\" content=\"summary_large_image\" \/>\n<script type=\"application\/ld+json\" class=\"yoast-schema-graph\">{\"@context\":\"https:\\\/\\\/schema.org\",\"@graph\":[{\"@type\":\"WebPage\",\"@id\":\"https:\\\/\\\/www.lesarmures.ch\\\/en\\\/restaurant\\\/\",\"url\":\"https:\\\/\\\/www.lesarmures.ch\\\/en\\\/restaurant\\\/\",\"name\":\"Hotel restaurant in Geneva - Restaurant serving traditional Swiss fare\",\"isPartOf\":{\"@id\":\"https:\\\/\\\/www.lesarmures.ch\\\/ru\\\/#website\"},\"datePublished\":\"2024-01-29T09:50:22+00:00\",\"dateModified\":\"2026-03-27T11:12:52+00:00\",\"description\":\"Travel to the heart of Geneva\u2019s history and discover Swiss haute cuisine by enjoying our distinctive specialities in a relaxed environment.\",\"breadcrumb\":{\"@id\":\"https:\\\/\\\/www.lesarmures.ch\\\/en\\\/restaurant\\\/#breadcrumb\"},\"inLanguage\":\"en-US\",\"potentialAction\":[{\"@type\":\"ReadAction\",\"target\":[\"https:\\\/\\\/www.lesarmures.ch\\\/en\\\/restaurant\\\/\"]}]},{\"@type\":\"BreadcrumbList\",\"@id\":\"https:\\\/\\\/www.lesarmures.ch\\\/en\\\/restaurant\\\/#breadcrumb\",\"itemListElement\":[{\"@type\":\"ListItem\",\"position\":1,\"name\":\"Accueil\",\"item\":\"https:\\\/\\\/www.lesarmures.ch\\\/en\\\/\"},{\"@type\":\"ListItem\",\"position\":2,\"name\":\"Restaurant Les Armures\"}]},{\"@type\":\"WebSite\",\"@id\":\"https:\\\/\\\/www.lesarmures.ch\\\/ru\\\/#website\",\"url\":\"https:\\\/\\\/www.lesarmures.ch\\\/ru\\\/\",\"name\":\"Les Armures : H\u00f4tel 5 \u00e9toiles et restaurant \u00e0 Gen\u00e8ve\",\"description\":\"\",\"publisher\":{\"@id\":\"https:\\\/\\\/www.lesarmures.ch\\\/ru\\\/#organization\"},\"potentialAction\":[{\"@type\":\"SearchAction\",\"target\":{\"@type\":\"EntryPoint\",\"urlTemplate\":\"https:\\\/\\\/www.lesarmures.ch\\\/ru\\\/?s={search_term_string}\"},\"query-input\":{\"@type\":\"PropertyValueSpecification\",\"valueRequired\":true,\"valueName\":\"search_term_string\"}}],\"inLanguage\":\"en-US\"},{\"@type\":\"Organization\",\"@id\":\"https:\\\/\\\/www.lesarmures.ch\\\/ru\\\/#organization\",\"name\":\"Les Armures : H\u00f4tel 5 \u00e9toiles et restaurant \u00e0 Gen\u00e8ve\",\"url\":\"https:\\\/\\\/www.lesarmures.ch\\\/ru\\\/\",\"logo\":{\"@type\":\"ImageObject\",\"inLanguage\":\"en-US\",\"@id\":\"https:\\\/\\\/www.lesarmures.ch\\\/ru\\\/#\\\/schema\\\/logo\\\/image\\\/\",\"url\":\"https:\\\/\\\/www.lesarmures.ch\\\/wp-content\\\/uploads\\\/2024\\\/01\\\/logo_alt_retina.png\",\"contentUrl\":\"https:\\\/\\\/www.lesarmures.ch\\\/wp-content\\\/uploads\\\/2024\\\/01\\\/logo_alt_retina.png\",\"width\":726,\"height\":169,\"caption\":\"Les Armures : H\u00f4tel 5 \u00e9toiles et restaurant \u00e0 Gen\u00e8ve\"},\"image\":{\"@id\":\"https:\\\/\\\/www.lesarmures.ch\\\/ru\\\/#\\\/schema\\\/logo\\\/image\\\/\"}}]}<\/script>\n<!-- \/ Yoast SEO plugin. -->","yoast_head_json":{"title":"Hotel restaurant in Geneva - Restaurant serving traditional Swiss fare","description":"Travel to the heart of Geneva\u2019s history and discover Swiss haute cuisine by enjoying our distinctive specialities in a relaxed environment.","robots":{"index":"index","follow":"follow","max-snippet":"max-snippet:-1","max-image-preview":"max-image-preview:large","max-video-preview":"max-video-preview:-1"},"canonical":"https:\/\/www.lesarmures.ch\/en\/restaurant\/","og_locale":"en_US","og_type":"article","og_title":"Hotel restaurant in Geneva - Restaurant serving traditional Swiss fare","og_description":"Travel to the heart of Geneva\u2019s history and discover Swiss haute cuisine by enjoying our distinctive specialities in a relaxed environment.","og_url":"https:\/\/www.lesarmures.ch\/en\/restaurant\/","og_site_name":"Hotel Les Armures Gen\u00e8ve","article_modified_time":"2026-03-27T11:12:52+00:00","twitter_card":"summary_large_image","schema":{"@context":"https:\/\/schema.org","@graph":[{"@type":"WebPage","@id":"https:\/\/www.lesarmures.ch\/en\/restaurant\/","url":"https:\/\/www.lesarmures.ch\/en\/restaurant\/","name":"Hotel restaurant in Geneva - Restaurant serving traditional Swiss fare","isPartOf":{"@id":"https:\/\/www.lesarmures.ch\/ru\/#website"},"datePublished":"2024-01-29T09:50:22+00:00","dateModified":"2026-03-27T11:12:52+00:00","description":"Travel to the heart of Geneva\u2019s history and discover Swiss haute cuisine by enjoying our distinctive specialities in a relaxed environment.","breadcrumb":{"@id":"https:\/\/www.lesarmures.ch\/en\/restaurant\/#breadcrumb"},"inLanguage":"en-US","potentialAction":[{"@type":"ReadAction","target":["https:\/\/www.lesarmures.ch\/en\/restaurant\/"]}]},{"@type":"BreadcrumbList","@id":"https:\/\/www.lesarmures.ch\/en\/restaurant\/#breadcrumb","itemListElement":[{"@type":"ListItem","position":1,"name":"Accueil","item":"https:\/\/www.lesarmures.ch\/en\/"},{"@type":"ListItem","position":2,"name":"Restaurant Les Armures"}]},{"@type":"WebSite","@id":"https:\/\/www.lesarmures.ch\/ru\/#website","url":"https:\/\/www.lesarmures.ch\/ru\/","name":"Les Armures : H\u00f4tel 5 \u00e9toiles et restaurant \u00e0 Gen\u00e8ve","description":"","publisher":{"@id":"https:\/\/www.lesarmures.ch\/ru\/#organization"},"potentialAction":[{"@type":"SearchAction","target":{"@type":"EntryPoint","urlTemplate":"https:\/\/www.lesarmures.ch\/ru\/?s={search_term_string}"},"query-input":{"@type":"PropertyValueSpecification","valueRequired":true,"valueName":"search_term_string"}}],"inLanguage":"en-US"},{"@type":"Organization","@id":"https:\/\/www.lesarmures.ch\/ru\/#organization","name":"Les Armures : H\u00f4tel 5 \u00e9toiles et restaurant \u00e0 Gen\u00e8ve","url":"https:\/\/www.lesarmures.ch\/ru\/","logo":{"@type":"ImageObject","inLanguage":"en-US","@id":"https:\/\/www.lesarmures.ch\/ru\/#\/schema\/logo\/image\/","url":"https:\/\/www.lesarmures.ch\/wp-content\/uploads\/2024\/01\/logo_alt_retina.png","contentUrl":"https:\/\/www.lesarmures.ch\/wp-content\/uploads\/2024\/01\/logo_alt_retina.png","width":726,"height":169,"caption":"Les Armures : H\u00f4tel 5 \u00e9toiles et restaurant \u00e0 Gen\u00e8ve"},"image":{"@id":"https:\/\/www.lesarmures.ch\/ru\/#\/schema\/logo\/image\/"}}]}},"_links":{"self":[{"href":"https:\/\/www.lesarmures.ch\/en\/wp-json\/wp\/v2\/pages\/13479","targetHints":{"allow":["GET"]}}],"collection":[{"href":"https:\/\/www.lesarmures.ch\/en\/wp-json\/wp\/v2\/pages"}],"about":[{"href":"https:\/\/www.lesarmures.ch\/en\/wp-json\/wp\/v2\/types\/page"}],"author":[{"embeddable":true,"href":"https:\/\/www.lesarmures.ch\/en\/wp-json\/wp\/v2\/users\/1"}],"replies":[{"embeddable":true,"href":"https:\/\/www.lesarmures.ch\/en\/wp-json\/wp\/v2\/comments?post=13479"}],"version-history":[{"count":5,"href":"https:\/\/www.lesarmures.ch\/en\/wp-json\/wp\/v2\/pages\/13479\/revisions"}],"predecessor-version":[{"id":18478,"href":"https:\/\/www.lesarmures.ch\/en\/wp-json\/wp\/v2\/pages\/13479\/revisions\/18478"}],"wp:attachment":[{"href":"https:\/\/www.lesarmures.ch\/en\/wp-json\/wp\/v2\/media?parent=13479"}],"curies":[{"name":"wp","href":"https:\/\/api.w.org\/{rel}","templated":true}]}}