{"id":13473,"date":"2024-02-01T22:18:27","date_gmt":"2024-02-01T21:18:27","guid":{"rendered":"https:\/\/www.lesarmures.ch\/cookies\/"},"modified":"2024-03-10T21:18:10","modified_gmt":"2024-03-10T20:18:10","slug":"cookies","status":"publish","type":"page","link":"https:\/\/www.lesarmures.ch\/en\/cookies\/","title":{"rendered":"Cookies"},"content":{"rendered":"<div class=\"s-content\">\n   <div class=\"container\">\n      <div class=\"s-tilsbtns__wp\">\n         <div class=\"row\">\n            <div class=\"col-md-12\">\n               <div class=\"content-text\">\n                  <h1 style=\"text-align: center;\">Cookies<\/h1>\n<p>We use various cookies on the site to measure the audience and integrate services to improve the site&#8217;s interactivity.<\/p>\n<p>What is a &#8220;cookie&#8221;?<\/p>\n<p>A &#8220;cookie&#8221; is a piece of information, generally small in size and identified by a name, which may be transmitted to your browser by a website to which you connect. Your web browser will store it for a certain length of time, and send it back to the web server each time you reconnect. Cookies have many uses: they can be used to memorize your customer ID with a merchant site, the current contents of your shopping cart, an identifier enabling your browsing to be tracked for statistical or advertising purposes, etc.<\/p>\n<p>You will find information about cookies and how to limit their use on the website\u00a0<a href=\"https:\/\/cnil.fr\/fr\" target=\"_blank\" rel=\"noopener\">CNIL.FR<\/a><\/p>\n<p>To refuse the use of cookies, click the &#8220;Refuse&#8221; button in the banner at the bottom of the page.<\/p>\n               <\/div>\n            <\/div>\n         <\/div>\n      <\/div>\n   <\/div>\n<\/div>\n","protected":false},"excerpt":{"rendered":"","protected":false},"author":1,"featured_media":0,"parent":0,"menu_order":0,"comment_status":"closed","ping_status":"closed","template":"page-header.php","meta":{"inline_featured_image":false,"footnotes":""},"class_list":["post-13473","page","type-page","status-publish","hentry"],"yoast_head":"<!-- This site is optimized with the Yoast SEO plugin v27.5 - https:\/\/yoast.com\/product\/yoast-seo-wordpress\/ -->\n<title>Cookies - Hotel Les Armures Gen\u00e8ve<\/title>\n<meta name=\"robots\" content=\"index, follow, max-snippet:-1, max-image-preview:large, max-video-preview:-1\" \/>\n<link rel=\"canonical\" href=\"https:\/\/www.lesarmures.ch\/en\/cookies\/\" \/>\n<meta property=\"og:locale\" content=\"en_US\" \/>\n<meta property=\"og:type\" content=\"article\" \/>\n<meta property=\"og:title\" content=\"Cookies - Hotel Les Armures Gen\u00e8ve\" \/>\n<meta property=\"og:url\" content=\"https:\/\/www.lesarmures.ch\/en\/cookies\/\" \/>\n<meta property=\"og:site_name\" content=\"Hotel Les Armures Gen\u00e8ve\" \/>\n<meta property=\"article:modified_time\" content=\"2024-03-10T20:18:10+00:00\" \/>\n<meta name=\"twitter:card\" content=\"summary_large_image\" \/>\n<script type=\"application\/ld+json\" class=\"yoast-schema-graph\">{\"@context\":\"https:\\\/\\\/schema.org\",\"@graph\":[{\"@type\":\"WebPage\",\"@id\":\"https:\\\/\\\/www.lesarmures.ch\\\/en\\\/cookies\\\/\",\"url\":\"https:\\\/\\\/www.lesarmures.ch\\\/en\\\/cookies\\\/\",\"name\":\"Cookies - Hotel Les Armures Gen\u00e8ve\",\"isPartOf\":{\"@id\":\"https:\\\/\\\/www.lesarmures.ch\\\/ru\\\/#website\"},\"datePublished\":\"2024-02-01T21:18:27+00:00\",\"dateModified\":\"2024-03-10T20:18:10+00:00\",\"breadcrumb\":{\"@id\":\"https:\\\/\\\/www.lesarmures.ch\\\/en\\\/cookies\\\/#breadcrumb\"},\"inLanguage\":\"en-US\",\"potentialAction\":[{\"@type\":\"ReadAction\",\"target\":[\"https:\\\/\\\/www.lesarmures.ch\\\/en\\\/cookies\\\/\"]}]},{\"@type\":\"BreadcrumbList\",\"@id\":\"https:\\\/\\\/www.lesarmures.ch\\\/en\\\/cookies\\\/#breadcrumb\",\"itemListElement\":[{\"@type\":\"ListItem\",\"position\":1,\"name\":\"Accueil\",\"item\":\"https:\\\/\\\/www.lesarmures.ch\\\/en\\\/\"},{\"@type\":\"ListItem\",\"position\":2,\"name\":\"Cookies\"}]},{\"@type\":\"WebSite\",\"@id\":\"https:\\\/\\\/www.lesarmures.ch\\\/ru\\\/#website\",\"url\":\"https:\\\/\\\/www.lesarmures.ch\\\/ru\\\/\",\"name\":\"Les Armures : H\u00f4tel 5 \u00e9toiles et restaurant \u00e0 Gen\u00e8ve\",\"description\":\"\",\"publisher\":{\"@id\":\"https:\\\/\\\/www.lesarmures.ch\\\/ru\\\/#organization\"},\"potentialAction\":[{\"@type\":\"SearchAction\",\"target\":{\"@type\":\"EntryPoint\",\"urlTemplate\":\"https:\\\/\\\/www.lesarmures.ch\\\/ru\\\/?s={search_term_string}\"},\"query-input\":{\"@type\":\"PropertyValueSpecification\",\"valueRequired\":true,\"valueName\":\"search_term_string\"}}],\"inLanguage\":\"en-US\"},{\"@type\":\"Organization\",\"@id\":\"https:\\\/\\\/www.lesarmures.ch\\\/ru\\\/#organization\",\"name\":\"Les Armures : H\u00f4tel 5 \u00e9toiles et restaurant \u00e0 Gen\u00e8ve\",\"url\":\"https:\\\/\\\/www.lesarmures.ch\\\/ru\\\/\",\"logo\":{\"@type\":\"ImageObject\",\"inLanguage\":\"en-US\",\"@id\":\"https:\\\/\\\/www.lesarmures.ch\\\/ru\\\/#\\\/schema\\\/logo\\\/image\\\/\",\"url\":\"https:\\\/\\\/www.lesarmures.ch\\\/wp-content\\\/uploads\\\/2024\\\/01\\\/logo_alt_retina.png\",\"contentUrl\":\"https:\\\/\\\/www.lesarmures.ch\\\/wp-content\\\/uploads\\\/2024\\\/01\\\/logo_alt_retina.png\",\"width\":726,\"height\":169,\"caption\":\"Les Armures : H\u00f4tel 5 \u00e9toiles et restaurant \u00e0 Gen\u00e8ve\"},\"image\":{\"@id\":\"https:\\\/\\\/www.lesarmures.ch\\\/ru\\\/#\\\/schema\\\/logo\\\/image\\\/\"}}]}<\/script>\n<!-- \/ Yoast SEO plugin. -->","yoast_head_json":{"title":"Cookies - Hotel Les Armures Gen\u00e8ve","robots":{"index":"index","follow":"follow","max-snippet":"max-snippet:-1","max-image-preview":"max-image-preview:large","max-video-preview":"max-video-preview:-1"},"canonical":"https:\/\/www.lesarmures.ch\/en\/cookies\/","og_locale":"en_US","og_type":"article","og_title":"Cookies - Hotel Les Armures Gen\u00e8ve","og_url":"https:\/\/www.lesarmures.ch\/en\/cookies\/","og_site_name":"Hotel Les Armures Gen\u00e8ve","article_modified_time":"2024-03-10T20:18:10+00:00","twitter_card":"summary_large_image","schema":{"@context":"https:\/\/schema.org","@graph":[{"@type":"WebPage","@id":"https:\/\/www.lesarmures.ch\/en\/cookies\/","url":"https:\/\/www.lesarmures.ch\/en\/cookies\/","name":"Cookies - Hotel Les Armures Gen\u00e8ve","isPartOf":{"@id":"https:\/\/www.lesarmures.ch\/ru\/#website"},"datePublished":"2024-02-01T21:18:27+00:00","dateModified":"2024-03-10T20:18:10+00:00","breadcrumb":{"@id":"https:\/\/www.lesarmures.ch\/en\/cookies\/#breadcrumb"},"inLanguage":"en-US","potentialAction":[{"@type":"ReadAction","target":["https:\/\/www.lesarmures.ch\/en\/cookies\/"]}]},{"@type":"BreadcrumbList","@id":"https:\/\/www.lesarmures.ch\/en\/cookies\/#breadcrumb","itemListElement":[{"@type":"ListItem","position":1,"name":"Accueil","item":"https:\/\/www.lesarmures.ch\/en\/"},{"@type":"ListItem","position":2,"name":"Cookies"}]},{"@type":"WebSite","@id":"https:\/\/www.lesarmures.ch\/ru\/#website","url":"https:\/\/www.lesarmures.ch\/ru\/","name":"Les Armures : H\u00f4tel 5 \u00e9toiles et restaurant \u00e0 Gen\u00e8ve","description":"","publisher":{"@id":"https:\/\/www.lesarmures.ch\/ru\/#organization"},"potentialAction":[{"@type":"SearchAction","target":{"@type":"EntryPoint","urlTemplate":"https:\/\/www.lesarmures.ch\/ru\/?s={search_term_string}"},"query-input":{"@type":"PropertyValueSpecification","valueRequired":true,"valueName":"search_term_string"}}],"inLanguage":"en-US"},{"@type":"Organization","@id":"https:\/\/www.lesarmures.ch\/ru\/#organization","name":"Les Armures : H\u00f4tel 5 \u00e9toiles et restaurant \u00e0 Gen\u00e8ve","url":"https:\/\/www.lesarmures.ch\/ru\/","logo":{"@type":"ImageObject","inLanguage":"en-US","@id":"https:\/\/www.lesarmures.ch\/ru\/#\/schema\/logo\/image\/","url":"https:\/\/www.lesarmures.ch\/wp-content\/uploads\/2024\/01\/logo_alt_retina.png","contentUrl":"https:\/\/www.lesarmures.ch\/wp-content\/uploads\/2024\/01\/logo_alt_retina.png","width":726,"height":169,"caption":"Les Armures : H\u00f4tel 5 \u00e9toiles et restaurant \u00e0 Gen\u00e8ve"},"image":{"@id":"https:\/\/www.lesarmures.ch\/ru\/#\/schema\/logo\/image\/"}}]}},"_links":{"self":[{"href":"https:\/\/www.lesarmures.ch\/en\/wp-json\/wp\/v2\/pages\/13473","targetHints":{"allow":["GET"]}}],"collection":[{"href":"https:\/\/www.lesarmures.ch\/en\/wp-json\/wp\/v2\/pages"}],"about":[{"href":"https:\/\/www.lesarmures.ch\/en\/wp-json\/wp\/v2\/types\/page"}],"author":[{"embeddable":true,"href":"https:\/\/www.lesarmures.ch\/en\/wp-json\/wp\/v2\/users\/1"}],"replies":[{"embeddable":true,"href":"https:\/\/www.lesarmures.ch\/en\/wp-json\/wp\/v2\/comments?post=13473"}],"version-history":[{"count":2,"href":"https:\/\/www.lesarmures.ch\/en\/wp-json\/wp\/v2\/pages\/13473\/revisions"}],"predecessor-version":[{"id":15159,"href":"https:\/\/www.lesarmures.ch\/en\/wp-json\/wp\/v2\/pages\/13473\/revisions\/15159"}],"wp:attachment":[{"href":"https:\/\/www.lesarmures.ch\/en\/wp-json\/wp\/v2\/media?parent=13473"}],"curies":[{"name":"wp","href":"https:\/\/api.w.org\/{rel}","templated":true}]}}