{"id":13471,"date":"2024-02-01T13:44:01","date_gmt":"2024-02-01T12:44:01","guid":{"rendered":"https:\/\/www.lesarmures.ch\/contact-us\/"},"modified":"2025-02-19T17:13:40","modified_gmt":"2025-02-19T16:13:40","slug":"contact","status":"publish","type":"page","link":"https:\/\/www.lesarmures.ch\/en\/contact\/","title":{"rendered":"Contact us"},"content":{"rendered":"<div class=\"s-actlt s-listact\">\n   <div class=\"container\">\n      <div class=\"row justify-content-around text-center-contact\">\n                  <div class=\"col-md-5 col-xl-4\">\n            <div class=\"bloc_info_contact\">\n               <img decoding=\"async\" class=\"is-animated is-animated--false\" src=\"https:\/\/www.lesarmures.ch\/wp-content\/uploads\/2024\/02\/hotel-1.png\" alt=\"\">\n               <h2 class=\"is-animated is-animated--false is-animated--delay-2\">Les Armures Hotel <\/h2>\n               <p class=\"is-animated is-animated--false is-animated--delay-3\">Information \u2013 Booking \u2013 Reception :<\/p>\n               <div class=\"is-animated is-animated--false is-animated--delay-4\">\n\n              \n               <a class=\"phone_contact \" href=\"tel:+ 41 22 818 71 72\">+ 41 22 818 71 72<\/a> \u2013 \n               <a class=\"email_contact \" href=\"mailto:reception@lesarmures.ch\">reception@lesarmures.ch<\/a>\n                <\/div>\n               <span class=\"is-animated is-animated--false is-animated--delay-5\">\n               Rue du Puits-Saint-Pierre 1, 1204 Gen\u00e8ve, Suisse               <\/span>\n            <\/div>\n         <\/div>\n                  <div class=\"col-md-5 col-xl-4\">\n            <div class=\"bloc_info_contact\">\n               <img decoding=\"async\" class=\"is-animated is-animated--false\" src=\"https:\/\/www.lesarmures.ch\/wp-content\/uploads\/2024\/02\/restoration-1.png\" alt=\"\">\n               <h2 class=\"is-animated is-animated--false is-animated--delay-2\">Les Armures Restaurant <\/h2>\n               <p class=\"is-animated is-animated--false is-animated--delay-3\">Information \u2013 Booking :<\/p>\n               <div class=\"is-animated is-animated--false is-animated--delay-4\">\n\n              \n               <a class=\"phone_contact \" href=\"tel:+ 41 22 818 71 71\">+ 41 22 818 71 71<\/a> \u2013 \n               <a class=\"email_contact \" href=\"mailto:restaurant@lesarmures.ch\">restaurant@lesarmures.ch<\/a>\n                <\/div>\n               <span class=\"is-animated is-animated--false is-animated--delay-5\">\n               Rue du Puits-Saint-Pierre 1, 1204 Gen\u00e8ve, Suisse               <\/span>\n            <\/div>\n         <\/div>\n               <\/div>\n   <\/div>\n<\/div>\n\n\n<div class=\"s-calltoaction is-animated is-animated--image\">\n   <div class=\"container\">\n      <div class=\"row\">\n         <div class=\"col-md-12\">\n            <div class=\"btn-calltoaction\">\n               <a href=\"https:\/\/maps.app.goo.gl\/W5Bi1zW6dQkVX5tp7\" target=\"_blank\"  class=\"is-animated is-animated--false is-animated--delay-6\">\n               Hotel Itinerary                <\/a>\n               <a href=\"https:\/\/www.lesarmures.ch\/wp-content\/uploads\/2025\/02\/Access-Map-Hotel-Les-Armures.pdf\" download class=\"is-animated is-animated--false is-animated--delay-6\">\n               Download access map                <\/a>\n                <a href=\"https:\/\/www.google.com\/maps\/place\/Restaurant+Les+Armures\/@46.2013286,6.1446381,17z\/data=!3m1!4b1!4m6!3m5!1s0x478c652c6d2c246d:0xed9008d50cb80a0b!8m2!3d46.2013286!4d6.147213!16s%2Fg%2F119vd657z?entry=ttu\" target=\"_blank\" class=\"is-animated is-animated--false is-animated--delay-6\">\n               Restaurant Itinerary                <\/a>\n            <\/div>\n         <\/div>\n      <\/div>\n   <\/div>\n<\/div>\n\n\n<div class=\"s-content-map \">\n\n      <div class=\"s-tilsbtns__map\">\n        \n            <iframe src=\"https:\/\/www.google.com\/maps\/embed?pb=!1m18!1m12!1m3!1d2761.4337977474897!2d6.148349122228999!3d46.20182483206864!2m3!1f0!2f0!3f0!3m2!1i1024!2i768!4f13.1!3m3!1m2!1s0x478c652c6d2c246d%3A0x5bb6757907f953de!2sH%C3%B4tel%20Les%20Armures!5e0!3m2!1sen!2sma!4v1710256725635!5m2!1sen!2sma\" width=\"600\" height=\"450\" style=\"border:0;\" allowfullscreen=\"\" loading=\"lazy\" referrerpolicy=\"no-referrer-when-downgrade\"><\/iframe>                 \n               <\/div>\n            <\/div>\n\n\n\n<div class=\"video-acces\">\n   <div class=\"container\">\n      <div class=\"row justify-content-center\">\n         <div class=\"col-12 col-md-8\">\n            <div class=\"video-acce-warp\">\n               <h2 class=\"is-animated is-animated--false\">VIEW HOTEL ACCESS VIDEO<\/h2>\n               <div class=\"is-animated is-animated--false is-animated--delay-2\" >\n               \t\t\t\t\t\t<iframe loading=\"lazy\" width=\"560\" height=\"315\" src=\"https:\/\/www.youtube.com\/embed\/8G29__8P1go?si=99eiFZozp2XRz4p0\" title=\"YouTube video player\" frameborder=\"0\" allow=\"accelerometer; autoplay; clipboard-write; encrypted-media; gyroscope; picture-in-picture; web-share\" allowfullscreen=\"\"><\/iframe>\n               <\/div>\n            <\/div>\n         <\/div>\n      <\/div>\n   <\/div>\n<\/div>\n\n\n<div class=\"s-content s-content-job \">\n   <div class=\"container\">\n      <div class=\"s-tilsbtns__wp\">\n         <div class=\"row\">\n            <div class=\"col-md-12\">\n               <div class=\"content-job\">\n                  <h2 class=\"h2 is-animated is-animated--false\">\n            Applications &#038; Jobs                  <\/h2>\n                  <div class=\"is-animated is-animated--false\">\n                  <p>To submit your application, please send<\/p>\n<p>it to <a href=\"mailto:rh@lesarmures.ch\" target=\"_blank\" rel=\"noopener\">rh@lesarmures.ch<\/a><\/p>\n                     <\/div>\n               <\/div>\n            <\/div>\n         <\/div>\n      <\/div>\n   <\/div>\n<\/div>\n","protected":false},"excerpt":{"rendered":"","protected":false},"author":1,"featured_media":0,"parent":0,"menu_order":0,"comment_status":"closed","ping_status":"closed","template":"page-header.php","meta":{"inline_featured_image":false,"footnotes":""},"class_list":["post-13471","page","type-page","status-publish","hentry"],"yoast_head":"<!-- This site is optimized with the Yoast SEO plugin v27.5 - https:\/\/yoast.com\/product\/yoast-seo-wordpress\/ -->\n<title>Contact us - Hotel Les Armures Gen\u00e8ve<\/title>\n<meta name=\"robots\" content=\"index, follow, max-snippet:-1, max-image-preview:large, max-video-preview:-1\" \/>\n<link rel=\"canonical\" href=\"https:\/\/www.lesarmures.ch\/en\/contact\/\" \/>\n<meta property=\"og:locale\" content=\"en_US\" \/>\n<meta property=\"og:type\" content=\"article\" \/>\n<meta property=\"og:title\" content=\"Contact us - Hotel Les Armures Gen\u00e8ve\" \/>\n<meta property=\"og:url\" content=\"https:\/\/www.lesarmures.ch\/en\/contact\/\" \/>\n<meta property=\"og:site_name\" content=\"Hotel Les Armures Gen\u00e8ve\" \/>\n<meta property=\"article:modified_time\" content=\"2025-02-19T16:13:40+00:00\" \/>\n<meta name=\"twitter:card\" content=\"summary_large_image\" \/>\n<script type=\"application\/ld+json\" class=\"yoast-schema-graph\">{\"@context\":\"https:\\\/\\\/schema.org\",\"@graph\":[{\"@type\":\"WebPage\",\"@id\":\"https:\\\/\\\/www.lesarmures.ch\\\/en\\\/contact\\\/\",\"url\":\"https:\\\/\\\/www.lesarmures.ch\\\/en\\\/contact\\\/\",\"name\":\"Contact us - Hotel Les Armures Gen\u00e8ve\",\"isPartOf\":{\"@id\":\"https:\\\/\\\/www.lesarmures.ch\\\/ru\\\/#website\"},\"datePublished\":\"2024-02-01T12:44:01+00:00\",\"dateModified\":\"2025-02-19T16:13:40+00:00\",\"breadcrumb\":{\"@id\":\"https:\\\/\\\/www.lesarmures.ch\\\/en\\\/contact\\\/#breadcrumb\"},\"inLanguage\":\"en-US\",\"potentialAction\":[{\"@type\":\"ReadAction\",\"target\":[\"https:\\\/\\\/www.lesarmures.ch\\\/en\\\/contact\\\/\"]}]},{\"@type\":\"BreadcrumbList\",\"@id\":\"https:\\\/\\\/www.lesarmures.ch\\\/en\\\/contact\\\/#breadcrumb\",\"itemListElement\":[{\"@type\":\"ListItem\",\"position\":1,\"name\":\"Accueil\",\"item\":\"https:\\\/\\\/www.lesarmures.ch\\\/en\\\/\"},{\"@type\":\"ListItem\",\"position\":2,\"name\":\"Contact us\"}]},{\"@type\":\"WebSite\",\"@id\":\"https:\\\/\\\/www.lesarmures.ch\\\/ru\\\/#website\",\"url\":\"https:\\\/\\\/www.lesarmures.ch\\\/ru\\\/\",\"name\":\"Les Armures : H\u00f4tel 5 \u00e9toiles et restaurant \u00e0 Gen\u00e8ve\",\"description\":\"\",\"publisher\":{\"@id\":\"https:\\\/\\\/www.lesarmures.ch\\\/ru\\\/#organization\"},\"potentialAction\":[{\"@type\":\"SearchAction\",\"target\":{\"@type\":\"EntryPoint\",\"urlTemplate\":\"https:\\\/\\\/www.lesarmures.ch\\\/ru\\\/?s={search_term_string}\"},\"query-input\":{\"@type\":\"PropertyValueSpecification\",\"valueRequired\":true,\"valueName\":\"search_term_string\"}}],\"inLanguage\":\"en-US\"},{\"@type\":\"Organization\",\"@id\":\"https:\\\/\\\/www.lesarmures.ch\\\/ru\\\/#organization\",\"name\":\"Les Armures : H\u00f4tel 5 \u00e9toiles et restaurant \u00e0 Gen\u00e8ve\",\"url\":\"https:\\\/\\\/www.lesarmures.ch\\\/ru\\\/\",\"logo\":{\"@type\":\"ImageObject\",\"inLanguage\":\"en-US\",\"@id\":\"https:\\\/\\\/www.lesarmures.ch\\\/ru\\\/#\\\/schema\\\/logo\\\/image\\\/\",\"url\":\"https:\\\/\\\/www.lesarmures.ch\\\/wp-content\\\/uploads\\\/2024\\\/01\\\/logo_alt_retina.png\",\"contentUrl\":\"https:\\\/\\\/www.lesarmures.ch\\\/wp-content\\\/uploads\\\/2024\\\/01\\\/logo_alt_retina.png\",\"width\":726,\"height\":169,\"caption\":\"Les Armures : H\u00f4tel 5 \u00e9toiles et restaurant \u00e0 Gen\u00e8ve\"},\"image\":{\"@id\":\"https:\\\/\\\/www.lesarmures.ch\\\/ru\\\/#\\\/schema\\\/logo\\\/image\\\/\"}}]}<\/script>\n<!-- \/ Yoast SEO plugin. -->","yoast_head_json":{"title":"Contact us - Hotel Les Armures Gen\u00e8ve","robots":{"index":"index","follow":"follow","max-snippet":"max-snippet:-1","max-image-preview":"max-image-preview:large","max-video-preview":"max-video-preview:-1"},"canonical":"https:\/\/www.lesarmures.ch\/en\/contact\/","og_locale":"en_US","og_type":"article","og_title":"Contact us - Hotel Les Armures Gen\u00e8ve","og_url":"https:\/\/www.lesarmures.ch\/en\/contact\/","og_site_name":"Hotel Les Armures Gen\u00e8ve","article_modified_time":"2025-02-19T16:13:40+00:00","twitter_card":"summary_large_image","schema":{"@context":"https:\/\/schema.org","@graph":[{"@type":"WebPage","@id":"https:\/\/www.lesarmures.ch\/en\/contact\/","url":"https:\/\/www.lesarmures.ch\/en\/contact\/","name":"Contact us - Hotel Les Armures Gen\u00e8ve","isPartOf":{"@id":"https:\/\/www.lesarmures.ch\/ru\/#website"},"datePublished":"2024-02-01T12:44:01+00:00","dateModified":"2025-02-19T16:13:40+00:00","breadcrumb":{"@id":"https:\/\/www.lesarmures.ch\/en\/contact\/#breadcrumb"},"inLanguage":"en-US","potentialAction":[{"@type":"ReadAction","target":["https:\/\/www.lesarmures.ch\/en\/contact\/"]}]},{"@type":"BreadcrumbList","@id":"https:\/\/www.lesarmures.ch\/en\/contact\/#breadcrumb","itemListElement":[{"@type":"ListItem","position":1,"name":"Accueil","item":"https:\/\/www.lesarmures.ch\/en\/"},{"@type":"ListItem","position":2,"name":"Contact us"}]},{"@type":"WebSite","@id":"https:\/\/www.lesarmures.ch\/ru\/#website","url":"https:\/\/www.lesarmures.ch\/ru\/","name":"Les Armures : H\u00f4tel 5 \u00e9toiles et restaurant \u00e0 Gen\u00e8ve","description":"","publisher":{"@id":"https:\/\/www.lesarmures.ch\/ru\/#organization"},"potentialAction":[{"@type":"SearchAction","target":{"@type":"EntryPoint","urlTemplate":"https:\/\/www.lesarmures.ch\/ru\/?s={search_term_string}"},"query-input":{"@type":"PropertyValueSpecification","valueRequired":true,"valueName":"search_term_string"}}],"inLanguage":"en-US"},{"@type":"Organization","@id":"https:\/\/www.lesarmures.ch\/ru\/#organization","name":"Les Armures : H\u00f4tel 5 \u00e9toiles et restaurant \u00e0 Gen\u00e8ve","url":"https:\/\/www.lesarmures.ch\/ru\/","logo":{"@type":"ImageObject","inLanguage":"en-US","@id":"https:\/\/www.lesarmures.ch\/ru\/#\/schema\/logo\/image\/","url":"https:\/\/www.lesarmures.ch\/wp-content\/uploads\/2024\/01\/logo_alt_retina.png","contentUrl":"https:\/\/www.lesarmures.ch\/wp-content\/uploads\/2024\/01\/logo_alt_retina.png","width":726,"height":169,"caption":"Les Armures : H\u00f4tel 5 \u00e9toiles et restaurant \u00e0 Gen\u00e8ve"},"image":{"@id":"https:\/\/www.lesarmures.ch\/ru\/#\/schema\/logo\/image\/"}}]}},"_links":{"self":[{"href":"https:\/\/www.lesarmures.ch\/en\/wp-json\/wp\/v2\/pages\/13471","targetHints":{"allow":["GET"]}}],"collection":[{"href":"https:\/\/www.lesarmures.ch\/en\/wp-json\/wp\/v2\/pages"}],"about":[{"href":"https:\/\/www.lesarmures.ch\/en\/wp-json\/wp\/v2\/types\/page"}],"author":[{"embeddable":true,"href":"https:\/\/www.lesarmures.ch\/en\/wp-json\/wp\/v2\/users\/1"}],"replies":[{"embeddable":true,"href":"https:\/\/www.lesarmures.ch\/en\/wp-json\/wp\/v2\/comments?post=13471"}],"version-history":[{"count":5,"href":"https:\/\/www.lesarmures.ch\/en\/wp-json\/wp\/v2\/pages\/13471\/revisions"}],"predecessor-version":[{"id":17226,"href":"https:\/\/www.lesarmures.ch\/en\/wp-json\/wp\/v2\/pages\/13471\/revisions\/17226"}],"wp:attachment":[{"href":"https:\/\/www.lesarmures.ch\/en\/wp-json\/wp\/v2\/media?parent=13471"}],"curies":[{"name":"wp","href":"https:\/\/api.w.org\/{rel}","templated":true}]}}